{"id":1455,"date":"2023-12-13T14:29:42","date_gmt":"2023-12-13T13:29:42","guid":{"rendered":"https:\/\/www.ace-trans.fr\/?page_id=1455"},"modified":"2023-12-13T14:30:25","modified_gmt":"2023-12-13T13:30:25","slug":"mention-legales","status":"publish","type":"page","link":"https:\/\/www.ace-trans.fr\/en\/mention-legales\/","title":{"rendered":"Mention l\u00e9gales"},"content":{"rendered":"<h2 class=\"wp-block-heading\">Editeur<\/h2>\n\n\n\n<p>ACE-TRANS<\/p>\n\n\n\n<p>SAS, soci\u00e9t\u00e9 par actions simplifi\u00e9e ACE TRANS<br>22 RUE DE LA PIQUE EN MARE<br>76620 LE HAVRE<\/p>\n\n\n\n<p>753 256 783 R.C.S. Le Havre<\/p>\n\n\n\n<p>Pr\u00e9sident Jean-philippe Deroulez<\/p>\n\n\n\n<h2 class=\"wp-block-heading\">H\u00e9bergement<\/h2>\n\n\n\n<p><strong>OVH<\/strong><br>2 rue Kellermann<br>59100 Roubaix \u2013 France<\/p>\n\n\n\n<h2 class=\"wp-block-heading\">Cr\u00e9dits photographique<\/h2>\n\n\n\n<p>Les visuels ou photographies pr\u00e9sent\u00e9s sur ce site sont prot\u00e9g\u00e9s par le Code de la propri\u00e9t\u00e9 intellectuelle et artistique. Ils sont la propri\u00e9t\u00e9 de la soci\u00e9t\u00e9 ACE-TRANS ou bien font l\u2019objet d\u2019une autorisation sp\u00e9cifique d\u2019utilisation.<\/p>\n\n\n\n<p>Copyrights et droits des visuels : ACE-TRANS<\/p>\n\n\n\n<h2 class=\"wp-block-heading\">POLITIQUE DE CONFIDENTIALIT\u00c9<\/h2>\n\n\n\n<p>Cette politique de confidentialit\u00e9 d\u00e9crit nos politiques et proc\u00e9dures concernant les traitements de vos informations lorsque vous utilisez ce site web. Elle sert par ailleurs \u00e0 vous informer sur vos droits en mati\u00e8re de confidentialit\u00e9 et sur la mani\u00e8re dont la loi vous prot\u00e8ge.<\/p>\n\n\n\n<p>En utilisant ce site web, vous acceptez la collecte et l\u2019utilisation d\u2019informations conform\u00e9ment \u00e0 la pr\u00e9sente Politique de confidentialit\u00e9.<\/p>\n\n\n\n<h2 class=\"wp-block-heading\">D\u00e9finitions<\/h2>\n\n\n\n<p><strong>Aux fins de la pr\u00e9sente politique de confidentialit\u00e9 :<\/strong><\/p>\n\n\n\n<p><strong>Cookies<\/strong>&nbsp;: Les cookies sont de petits fichiers qui sont plac\u00e9s sur votre ordinateur, appareil mobile ou tout autre appareil par un site Web, contenant les d\u00e9tails de votre historique de navigation sur ce site Web.<\/p>\n\n\n\n<p><strong>Donn\u00e9es personnelles<\/strong>: Les donn\u00e9es personnelles sont toutes les informations relatives \u00e0 une personne identifi\u00e9e ou identifiable.<\/p>\n\n\n\n<h2 class=\"wp-block-heading\">Traitements des donn\u00e9es personnelles<\/h2>\n\n\n\n<p>Conform\u00e9ment \u00e0 la loi n\u00b0 78-17 du 6 janvier 1978 relative \u00e0 l\u2019informatique, aux fichiers et aux libert\u00e9s, ce site est tenu de se conformer aux exigences de la CNIL : ces obligations ont d\u00e9sormais \u00e9t\u00e9 d\u00e9velopp\u00e9es pour se conformer au r\u00e8glement n\u00b0 2016\/679, connu sous le nom de R\u00e8glement g\u00e9n\u00e9ral sur la protection des donn\u00e9es (RGPD), adopt\u00e9 par le Parlement europ\u00e9en le 14 avril 2016 et entr\u00e9 en vigueur le 25 mai 2018.<\/p>\n\n\n\n<h1 class=\"wp-block-heading has-text-align-center\">Donn\u00e9es personnelles<\/h1>\n\n\n\n<p>Lorsque vous utilisez ce site web, nous pouvons vous demander de fournir certaines informations personnelles et identifiables qui peuvent \u00eatre utilis\u00e9es pour vous contacter ou vous identifier.<\/p>\n\n\n\n<p>Les informations personnellement identifiables peuvent inclure, mais sans s\u2019y limiter : adresse email, nom et pr\u00e9nom, donn\u00e9es d\u2019utilisation.<\/p>\n\n\n\n<p>Les informations statistiques ou donn\u00e9es personnelles recueillies par le biais de nos formulaires de contact ne sont utilis\u00e9es que pour informer et r\u00e9pondre aux questions et demandes des internautes.<\/p>\n\n\n\n<h2 class=\"wp-block-heading\">Donn\u00e9es d\u2019utilisation<\/h2>\n\n\n\n<p>Les donn\u00e9es d\u2019utilisation font r\u00e9f\u00e9rence aux donn\u00e9es collect\u00e9es automatiquement, soit g\u00e9n\u00e9r\u00e9es par l\u2019utilisation du site web ou de son infrastructure.<\/p>\n\n\n\n<p>Elles peuvent inclure des informations telles que l\u2019adresse de protocole Internet de votre appareil, le type de navigateur, la version du navigateur, les pages du site web que vous visitez, l\u2019heure et la date de votre visite, le temps pass\u00e9 sur ces pages, l\u2019appareil unique identifiants et autres donn\u00e9es de diagnostic. Nous pouvons \u00e9galement collecter certaines informations envoy\u00e9es par votre navigateur chaque fois que vous visitez ce site web.<\/p>\n\n\n\n<h2 class=\"wp-block-heading\">Utilisation des donn\u00e9es<\/h2>\n\n\n\n<p>Les informations personnelles ne seront pas c\u00e9d\u00e9es \u00e0 des tiers ni utilis\u00e9es en dehors de l\u2019Union europ\u00e9enne. Nous conservons vos donn\u00e9es personnelles le temps n\u00e9cessaire aux fins \u00e9nonc\u00e9es dans la pr\u00e9sente politique de confidentialit\u00e9.<\/p>\n\n\n\n<p>Les donn\u00e9es num\u00e9riques sont prot\u00e9g\u00e9es sur des serveurs s\u00e9curis\u00e9s et r\u00e9guli\u00e8rement sauvegard\u00e9es : Les intervenants et l\u2019environnement technique du site respectent la politique de s\u00e9curit\u00e9 des donn\u00e9es en termes de confidentialit\u00e9, d\u2019int\u00e9grit\u00e9, de disponibilit\u00e9 et de r\u00e9silience des syst\u00e8mes d\u2019information et des services de traitement.<\/p>\n\n\n\n<h2 class=\"wp-block-heading\">Transactions commerciales<\/h2>\n\n\n\n<p>Si ce site ou ce service devait changer de propri\u00e9taire ou d\u2019h\u00e9bergeur, vos donn\u00e9es personnelles pourraient \u00eatre transf\u00e9r\u00e9es et soumises \u00e0 une politique de confidentialit\u00e9 diff\u00e9rente.<\/p>\n\n\n\n<h2 class=\"wp-block-heading\">Liens<\/h2>\n\n\n\n<p>Ce site web peut contenir des liens vers des sites tiers. L\u2019int\u00e9gration d\u2019un lien tiers n\u2019implique pas une approbation de notre part et nous vous conseillons vivement de consulter la politique de confidentialit\u00e9 de chaque site que vous visitez.<\/p>\n\n\n\n<p>Nous n\u2019avons aucun contr\u00f4le et n\u2019assumons aucune responsabilit\u00e9 quant au contenu, aux politiques de confidentialit\u00e9 ou aux pratiques des sites ou services tiers.<\/p>","protected":false},"excerpt":{"rendered":"<p>Editeur ACE-TRANS SAS, soci\u00e9t\u00e9 par actions simplifi\u00e9e ACE TRANS22 RUE DE LA PIQUE EN MARE76620 LE HAVRE 753 256 783 R.C.S. Le Havre Pr\u00e9sident Jean-philippe Deroulez H\u00e9bergement OVH2 rue Kellermann59100 Roubaix \u2013 France Cr\u00e9dits photographique Les visuels ou photographies pr\u00e9sent\u00e9s sur ce site sont prot\u00e9g\u00e9s par le Code de la propri\u00e9t\u00e9 intellectuelle et artistique. Ils &hellip;<\/p>\n<p class=\"read-more\"> <a class=\"\" href=\"https:\/\/www.ace-trans.fr\/en\/mention-legales\/\"> <span class=\"screen-reader-text\">Mention l\u00e9gales<\/span> Read More &raquo;<\/a><\/p>","protected":false},"author":6,"featured_media":0,"parent":0,"menu_order":0,"comment_status":"closed","ping_status":"closed","template":"","meta":{"footnotes":""},"class_list":["post-1455","page","type-page","status-publish","hentry"],"yoast_head":"<!-- This site is optimized with the Yoast SEO plugin v27.5 - https:\/\/yoast.com\/product\/yoast-seo-wordpress\/ -->\n<title>Mention l\u00e9gales - Ace-Trans<\/title>\n<meta name=\"robots\" content=\"index, follow, max-snippet:-1, max-image-preview:large, max-video-preview:-1\" \/>\n<link rel=\"canonical\" href=\"https:\/\/www.ace-trans.fr\/en\/mention-legales\/\" \/>\n<meta property=\"og:locale\" content=\"en_US\" \/>\n<meta property=\"og:type\" content=\"article\" \/>\n<meta property=\"og:title\" content=\"Mention l\u00e9gales - Ace-Trans\" \/>\n<meta property=\"og:description\" content=\"Editeur ACE-TRANS SAS, soci\u00e9t\u00e9 par actions simplifi\u00e9e ACE TRANS22 RUE DE LA PIQUE EN MARE76620 LE HAVRE 753 256 783 R.C.S. Le Havre Pr\u00e9sident Jean-philippe Deroulez H\u00e9bergement OVH2 rue Kellermann59100 Roubaix \u2013 France Cr\u00e9dits photographique Les visuels ou photographies pr\u00e9sent\u00e9s sur ce site sont prot\u00e9g\u00e9s par le Code de la propri\u00e9t\u00e9 intellectuelle et artistique. Ils &hellip; Mention l\u00e9gales Read More &raquo;\" \/>\n<meta property=\"og:url\" content=\"https:\/\/www.ace-trans.fr\/en\/mention-legales\/\" \/>\n<meta property=\"og:site_name\" content=\"Ace-Trans\" \/>\n<meta property=\"article:modified_time\" content=\"2023-12-13T13:30:25+00:00\" \/>\n<meta name=\"twitter:card\" content=\"summary_large_image\" \/>\n<meta name=\"twitter:label1\" content=\"Est. reading time\" \/>\n\t<meta name=\"twitter:data1\" content=\"4 minutes\" \/>\n<script type=\"application\/ld+json\" class=\"yoast-schema-graph\">{\"@context\":\"https:\\\/\\\/schema.org\",\"@graph\":[{\"@type\":\"WebPage\",\"@id\":\"https:\\\/\\\/www.ace-trans.fr\\\/mention-legales\\\/\",\"url\":\"https:\\\/\\\/www.ace-trans.fr\\\/mention-legales\\\/\",\"name\":\"Mention l\u00e9gales - Ace-Trans\",\"isPartOf\":{\"@id\":\"https:\\\/\\\/www.ace-trans.fr\\\/#website\"},\"datePublished\":\"2023-12-13T13:29:42+00:00\",\"dateModified\":\"2023-12-13T13:30:25+00:00\",\"breadcrumb\":{\"@id\":\"https:\\\/\\\/www.ace-trans.fr\\\/mention-legales\\\/#breadcrumb\"},\"inLanguage\":\"en-US\",\"potentialAction\":[{\"@type\":\"ReadAction\",\"target\":[\"https:\\\/\\\/www.ace-trans.fr\\\/mention-legales\\\/\"]}]},{\"@type\":\"BreadcrumbList\",\"@id\":\"https:\\\/\\\/www.ace-trans.fr\\\/mention-legales\\\/#breadcrumb\",\"itemListElement\":[{\"@type\":\"ListItem\",\"position\":1,\"name\":\"Accueil\",\"item\":\"https:\\\/\\\/www.ace-trans.fr\\\/\"},{\"@type\":\"ListItem\",\"position\":2,\"name\":\"Mention l\u00e9gales\"}]},{\"@type\":\"WebSite\",\"@id\":\"https:\\\/\\\/www.ace-trans.fr\\\/#website\",\"url\":\"https:\\\/\\\/www.ace-trans.fr\\\/\",\"name\":\"Ace-Trans\",\"description\":\"TERRE, AIR, MER,  EXPERT EN TRANSPORT\",\"publisher\":{\"@id\":\"https:\\\/\\\/www.ace-trans.fr\\\/#organization\"},\"potentialAction\":[{\"@type\":\"SearchAction\",\"target\":{\"@type\":\"EntryPoint\",\"urlTemplate\":\"https:\\\/\\\/www.ace-trans.fr\\\/?s={search_term_string}\"},\"query-input\":{\"@type\":\"PropertyValueSpecification\",\"valueRequired\":true,\"valueName\":\"search_term_string\"}}],\"inLanguage\":\"en-US\"},{\"@type\":\"Organization\",\"@id\":\"https:\\\/\\\/www.ace-trans.fr\\\/#organization\",\"name\":\"Ace-Trans\",\"url\":\"https:\\\/\\\/www.ace-trans.fr\\\/\",\"logo\":{\"@type\":\"ImageObject\",\"inLanguage\":\"en-US\",\"@id\":\"https:\\\/\\\/www.ace-trans.fr\\\/#\\\/schema\\\/logo\\\/image\\\/\",\"url\":\"https:\\\/\\\/www.ace-trans.fr\\\/wp-content\\\/uploads\\\/2020\\\/11\\\/Logo-site.png\",\"contentUrl\":\"https:\\\/\\\/www.ace-trans.fr\\\/wp-content\\\/uploads\\\/2020\\\/11\\\/Logo-site.png\",\"width\":605,\"height\":118,\"caption\":\"Ace-Trans\"},\"image\":{\"@id\":\"https:\\\/\\\/www.ace-trans.fr\\\/#\\\/schema\\\/logo\\\/image\\\/\"}}]}<\/script>\n<!-- \/ Yoast SEO plugin. -->","yoast_head_json":{"title":"Mention l\u00e9gales - Ace-Trans","robots":{"index":"index","follow":"follow","max-snippet":"max-snippet:-1","max-image-preview":"max-image-preview:large","max-video-preview":"max-video-preview:-1"},"canonical":"https:\/\/www.ace-trans.fr\/en\/mention-legales\/","og_locale":"en_US","og_type":"article","og_title":"Mention l\u00e9gales - Ace-Trans","og_description":"Editeur ACE-TRANS SAS, soci\u00e9t\u00e9 par actions simplifi\u00e9e ACE TRANS22 RUE DE LA PIQUE EN MARE76620 LE HAVRE 753 256 783 R.C.S. Le Havre Pr\u00e9sident Jean-philippe Deroulez H\u00e9bergement OVH2 rue Kellermann59100 Roubaix \u2013 France Cr\u00e9dits photographique Les visuels ou photographies pr\u00e9sent\u00e9s sur ce site sont prot\u00e9g\u00e9s par le Code de la propri\u00e9t\u00e9 intellectuelle et artistique. Ils &hellip; Mention l\u00e9gales Read More &raquo;","og_url":"https:\/\/www.ace-trans.fr\/en\/mention-legales\/","og_site_name":"Ace-Trans","article_modified_time":"2023-12-13T13:30:25+00:00","twitter_card":"summary_large_image","twitter_misc":{"Est. reading time":"4 minutes"},"schema":{"@context":"https:\/\/schema.org","@graph":[{"@type":"WebPage","@id":"https:\/\/www.ace-trans.fr\/mention-legales\/","url":"https:\/\/www.ace-trans.fr\/mention-legales\/","name":"Mention l\u00e9gales - Ace-Trans","isPartOf":{"@id":"https:\/\/www.ace-trans.fr\/#website"},"datePublished":"2023-12-13T13:29:42+00:00","dateModified":"2023-12-13T13:30:25+00:00","breadcrumb":{"@id":"https:\/\/www.ace-trans.fr\/mention-legales\/#breadcrumb"},"inLanguage":"en-US","potentialAction":[{"@type":"ReadAction","target":["https:\/\/www.ace-trans.fr\/mention-legales\/"]}]},{"@type":"BreadcrumbList","@id":"https:\/\/www.ace-trans.fr\/mention-legales\/#breadcrumb","itemListElement":[{"@type":"ListItem","position":1,"name":"Accueil","item":"https:\/\/www.ace-trans.fr\/"},{"@type":"ListItem","position":2,"name":"Mention l\u00e9gales"}]},{"@type":"WebSite","@id":"https:\/\/www.ace-trans.fr\/#website","url":"https:\/\/www.ace-trans.fr\/","name":"Ace-Trans","description":"TERRE, AIR, MER,  EXPERT EN TRANSPORT","publisher":{"@id":"https:\/\/www.ace-trans.fr\/#organization"},"potentialAction":[{"@type":"SearchAction","target":{"@type":"EntryPoint","urlTemplate":"https:\/\/www.ace-trans.fr\/?s={search_term_string}"},"query-input":{"@type":"PropertyValueSpecification","valueRequired":true,"valueName":"search_term_string"}}],"inLanguage":"en-US"},{"@type":"Organization","@id":"https:\/\/www.ace-trans.fr\/#organization","name":"Ace-Trans","url":"https:\/\/www.ace-trans.fr\/","logo":{"@type":"ImageObject","inLanguage":"en-US","@id":"https:\/\/www.ace-trans.fr\/#\/schema\/logo\/image\/","url":"https:\/\/www.ace-trans.fr\/wp-content\/uploads\/2020\/11\/Logo-site.png","contentUrl":"https:\/\/www.ace-trans.fr\/wp-content\/uploads\/2020\/11\/Logo-site.png","width":605,"height":118,"caption":"Ace-Trans"},"image":{"@id":"https:\/\/www.ace-trans.fr\/#\/schema\/logo\/image\/"}}]}},"_links":{"self":[{"href":"https:\/\/www.ace-trans.fr\/en\/wp-json\/wp\/v2\/pages\/1455","targetHints":{"allow":["GET"]}}],"collection":[{"href":"https:\/\/www.ace-trans.fr\/en\/wp-json\/wp\/v2\/pages"}],"about":[{"href":"https:\/\/www.ace-trans.fr\/en\/wp-json\/wp\/v2\/types\/page"}],"author":[{"embeddable":true,"href":"https:\/\/www.ace-trans.fr\/en\/wp-json\/wp\/v2\/users\/6"}],"replies":[{"embeddable":true,"href":"https:\/\/www.ace-trans.fr\/en\/wp-json\/wp\/v2\/comments?post=1455"}],"version-history":[{"count":2,"href":"https:\/\/www.ace-trans.fr\/en\/wp-json\/wp\/v2\/pages\/1455\/revisions"}],"predecessor-version":[{"id":1459,"href":"https:\/\/www.ace-trans.fr\/en\/wp-json\/wp\/v2\/pages\/1455\/revisions\/1459"}],"wp:attachment":[{"href":"https:\/\/www.ace-trans.fr\/en\/wp-json\/wp\/v2\/media?parent=1455"}],"curies":[{"name":"wp","href":"https:\/\/api.w.org\/{rel}","templated":true}]}}